{"id":45,"date":"2025-03-07T18:02:50","date_gmt":"2025-03-07T18:02:50","guid":{"rendered":"https:\/\/solutionsrhplusemploi.com\/serviceteleconseilrh\/?page_id=45"},"modified":"2025-03-08T15:09:20","modified_gmt":"2025-03-08T15:09:20","slug":"acceuil","status":"publish","type":"page","link":"https:\/\/solutionsrhplusemploi.com\/serviceteleconseilrh\/","title":{"rendered":"Acceuil"},"content":{"rendered":"\n<h2>Service d&rsquo;Experts RH \u00e0 Votre Disposition<\/h2>\n\n\n\n<p>Obtenez des conseils personnalis\u00e9s et des solutions RH adapt\u00e9es \u00e0 vos besoins. Notre \u00e9quipe d&rsquo;experts est disponible pour vous guider dans toutes vos d\u00e9marches.<\/p>\n\n\n\n<p><\/p>\n","protected":false},"excerpt":{"rendered":"<p>Obtenez des conseils personnalis\u00e9s et des solutions RH adapt\u00e9es \u00e0 vos besoins. Notre \u00e9quipe d&rsquo;experts est disponible pour vous guider dans toutes vos d\u00e9marches.<\/p>\n","protected":false},"author":4,"featured_media":0,"parent":0,"menu_order":0,"comment_status":"closed","ping_status":"closed","template":"template-home.php","meta":{"footnotes":""},"class_list":["post-45","page","type-page","status-publish","hentry"],"_links":{"self":[{"href":"https:\/\/solutionsrhplusemploi.com\/serviceteleconseilrh\/wp-json\/wp\/v2\/pages\/45","targetHints":{"allow":["GET"]}}],"collection":[{"href":"https:\/\/solutionsrhplusemploi.com\/serviceteleconseilrh\/wp-json\/wp\/v2\/pages"}],"about":[{"href":"https:\/\/solutionsrhplusemploi.com\/serviceteleconseilrh\/wp-json\/wp\/v2\/types\/page"}],"author":[{"embeddable":true,"href":"https:\/\/solutionsrhplusemploi.com\/serviceteleconseilrh\/wp-json\/wp\/v2\/users\/4"}],"replies":[{"embeddable":true,"href":"https:\/\/solutionsrhplusemploi.com\/serviceteleconseilrh\/wp-json\/wp\/v2\/comments?post=45"}],"version-history":[{"count":2,"href":"https:\/\/solutionsrhplusemploi.com\/serviceteleconseilrh\/wp-json\/wp\/v2\/pages\/45\/revisions"}],"predecessor-version":[{"id":52,"href":"https:\/\/solutionsrhplusemploi.com\/serviceteleconseilrh\/wp-json\/wp\/v2\/pages\/45\/revisions\/52"}],"wp:attachment":[{"href":"https:\/\/solutionsrhplusemploi.com\/serviceteleconseilrh\/wp-json\/wp\/v2\/media?parent=45"}],"curies":[{"name":"wp","href":"https:\/\/api.w.org\/{rel}","templated":true}]}}